{"id":9616,"date":"2017-08-30T10:01:19","date_gmt":"2017-08-30T08:01:19","guid":{"rendered":"http:\/\/nowa.scinawa.pl\/?page_id=9616"},"modified":"2024-10-14T11:36:11","modified_gmt":"2024-10-14T09:36:11","slug":"rpo-wp-2014-2020","status":"publish","type":"page","link":"https:\/\/scinawa.pl\/index.php\/rpo-wp-2014-2020\/","title":{"rendered":""},"content":{"rendered":"<p style=\"text-align: center;\"><a href=\"http:\/\/scinawa.pl\/wp-content\/uploads\/2024\/08\/FE_PR-DS-UE_EFFR-poziom-PL-kolor-scaled.jpg\"><img decoding=\"async\" loading=\"lazy\" class=\"aligncenter size-full wp-image-31809\" src=\"http:\/\/scinawa.pl\/wp-content\/uploads\/2024\/08\/FE_PR-DS-UE_EFFR-poziom-PL-kolor-scaled.jpg\" alt=\"\" width=\"2560\" height=\"364\" srcset=\"https:\/\/scinawa.pl\/wp-content\/uploads\/2024\/08\/FE_PR-DS-UE_EFFR-poziom-PL-kolor-scaled.jpg 2560w, https:\/\/scinawa.pl\/wp-content\/uploads\/2024\/08\/FE_PR-DS-UE_EFFR-poziom-PL-kolor-300x43.jpg 300w, https:\/\/scinawa.pl\/wp-content\/uploads\/2024\/08\/FE_PR-DS-UE_EFFR-poziom-PL-kolor-1024x146.jpg 1024w, https:\/\/scinawa.pl\/wp-content\/uploads\/2024\/08\/FE_PR-DS-UE_EFFR-poziom-PL-kolor-768x109.jpg 768w, https:\/\/scinawa.pl\/wp-content\/uploads\/2024\/08\/FE_PR-DS-UE_EFFR-poziom-PL-kolor-1536x219.jpg 1536w, https:\/\/scinawa.pl\/wp-content\/uploads\/2024\/08\/FE_PR-DS-UE_EFFR-poziom-PL-kolor-2048x292.jpg 2048w, https:\/\/scinawa.pl\/wp-content\/uploads\/2024\/08\/FE_PR-DS-UE_EFFR-poziom-PL-kolor-24x3.jpg 24w, https:\/\/scinawa.pl\/wp-content\/uploads\/2024\/08\/FE_PR-DS-UE_EFFR-poziom-PL-kolor-36x5.jpg 36w, https:\/\/scinawa.pl\/wp-content\/uploads\/2024\/08\/FE_PR-DS-UE_EFFR-poziom-PL-kolor-48x7.jpg 48w\" sizes=\"(max-width: 2560px) 100vw, 2560px\" \/><\/a><\/p>\n<ul>\n<li><a href=\"http:\/\/scinawa.pl\/wp-content\/uploads\/2024\/09\/Ochrona-i-udostepnienie-cennych-przyrodniczo-terenow-rzeki-Odry-poprzez-budowe-niezbednej-infrastruktury-w-zakresie-przystani-portow-rzecznych-i-infrastrukury-turystycznej.pdf\">Ochrona i udost\u0119pnienie cennych przyrodniczo teren\u00f3w rzeki Odry poprzez budow\u0119 niezb\u0119dnej infrastruktury w zakresie przystani, port\u00f3w rzecznych i infrastruktury turystycznej<\/a><\/li>\n<li><a href=\"http:\/\/scinawa.pl\/wp-content\/uploads\/2023\/11\/Poprawa-efektywnosci-energetycznej-poprzez-wymiane-wysokoemisyjnych-zrodel-ciepla-w-budynkach-i-lokalach-mieszkalnych-na-terenie-Gmin-Legnicko-Glogowskiego-Obszaru-Interwencji.pdf\">Poprawa efektywno\u015bci energetycznej poprzez wymian\u0119 wysokoemisyjnych \u017ar\u00f3de\u0142 ciep\u0142a w budynkach i lokalach mieszkalnych na terenie Gmin Legnicko G\u0142ogowskiego Obszaru Interwencji<\/a><br \/>\n<a href=\"https:\/\/youtu.be\/UxTW4X21ALU\">\u2192 WIDEO: Czyste powietrze w Gminie \u015acinawa<\/a><\/li>\n<li><a href=\"http:\/\/scinawa.pl\/wp-content\/uploads\/2024\/10\/info-na-str.-www.pdf\" target=\"_blank\" rel=\"noopener noreferrer\">Budowa strefy aktywno\u015bci gospodarczej na terenie miasta \u015acinawa<\/a><\/li>\n<li><a href=\"http:\/\/scinawa.pl\/pdf\/RPOWD2014-2020\/opis_palacyk.pdf\" target=\"_blank\" rel=\"noopener noreferrer\">Zaadoptowanie zabytkowego pa\u0142acyku w \u015acinawie z przeznaczeniem na centrum pracy tw\u00f3rczej z funkcj\u0105 schroniska m\u0142odzie\u017cowego<\/a><\/li>\n<li><a href=\"http:\/\/nowa.scinawa.pl\/wp-content\/uploads\/2021\/10\/ROEE-na-strone-\u015bcinawy-1.pdf\">Ochrona bior\u00f3\u017cnorodno\u015bci i udost\u0119pnienie zasob\u00f3w przyrodniczych poprzez rozbudow\u0119 i doposa\u017cenie Regionalnego O\u015brodka Edukacji Ekologicznej (ROEE-LGOM) w Dziewinie<\/a><\/li>\n<li><a href=\"http:\/\/nowa.scinawa.pl\/wp-content\/uploads\/2021\/11\/Rewitalizacja-zabytkowej-strefy-centrum-miasta-\u015acinawa-poprzez-przebudow\u0119-nawierzchni-Rynku-i-przyleg\u0142ych-ulic-etap-I-wraz-z-ma\u0142\u0105-architektur\u0105-zagospodarowaniem-terenu.pdf\">Rewitalizacja zabytkowej strefy centrum miasta \u015acinawa poprzez przebudow\u0119 nawierzchni Rynku i przyleg\u0142ych ulic &#8211; etap I wraz z ma\u0142\u0105 architektur\u0105, zagospodarowaniem terenu<\/a><\/li>\n<li><a href=\"http:\/\/nowa.scinawa.pl\/wp-content\/uploads\/2023\/05\/o\u015bwietlenie-info-na-stron\u0119.pdf\">Przebudowa o\u015bwietlenia drogowego na terenie Gminy Polanica-Zdr\u00f3j, Chocian\u00f3w, \u015acinawa i Miasta Lubin<\/a><\/li>\n<\/ul>\n<p>W dniu 29 kwietnia 2022r. zosta\u0142a zawarta umowa o dofinansowanie projektu \u201eOchrona i udost\u0119pnienie cennych przyrodniczo teren\u00f3w rzeki Odry poprzez budow\u0119 niezb\u0119dnej infrastruktury w zakresie przystani, port\u00f3w rzecznych i infrastruktury turystycznej\u201d.<br \/>\nProjekt realizowany w ramach osi priorytetowej nr 4 \u201e\u015arodowisko i zasoby\u201d, dzia\u0142ania nr 4.4. \u201eOchrona i udost\u0119pnianie zasob\u00f3w przyrodniczych\u201d, poddzia\u0142ania nr 4.4.1. \u201eOchrona i udost\u0119pnianie zasob\u00f3w przyrodniczych \u2013 konkurs horyzontalny\u201d Regionalnego Programu Operacyjnego Wojew\u00f3dztwa Dolnosl\u0105skiego 2014 \u2013 2020\u201d<\/p>\n<p>Celem projektu jest udost\u0119pnienie cennych zasob\u00f3w przyrodniczych na rzece Odrze oraz terenach obj\u0119tych obszarem NATURA 2000, przy zachowaniu zasad ich ochrony.<\/p>\n<p>Przedmiotem projektu jest budowa czterech przystani zlokalizowanych na rzece Odrze &#8211; w \u015acinawie, Dziewinie, Brzegu Dolnym i Lub\u0105\u017cu oraz budowa \u015bcie\u017cek rowerowych:<br \/>\nWo\u0142\u00f3w-Lubi\u0105\u017c- ok. 1,2 km<br \/>\nWielowie\u015b- \u015acinawa- ok. 9,3 km<br \/>\nWielowie\u015b- Prochowice- ok.5,1 km<br \/>\nChocian\u00f3w- Szklary Dolne wraz z fragmentem drogi rowerowej w Chocianowie- ok.17,5 km,<br \/>\numo\u017cliwiaj\u0105cych komunikacj\u0119 pomi\u0119dzy portami.<\/p>\n<p>Beneficjent: Stowarzyszenie \u201eRzeczpospolita Samorz\u0105dna\u201d<br \/>\nPartnerzy projektu: Gminy: Brzeg Dolny, Chocian\u00f3w, Prochowice, \u015acinawa, Wo\u0142\u00f3w<br \/>\nProjekt realizowany zgodnie z Umow\u0105 Partnerstwa z dnia 28.07.2021 roku.<\/p>\n<p>Warto\u015b\u0107 projektu: 37 582 516,00 PLN<br \/>\nDofinansowanie: 31 945 138,60 PLN<\/p>\n<p>Termin zako\u0144czenia projektu: 29.09.2023r.<\/p>\n<p>Zgodnie z powy\u017csza informacja Gmina \u015acinawa uzyska\u0142a dofinansowanie w wysoko\u015bci 10 846 962,50 PLN przy \u0142\u0105cznym koszcie budowy 12 761 250,00 PLN, co stanowi 85% koszt\u00f3w na budow\u0119 przystani w Dziewinie oraz portu w \u015acinawie oraz budow\u0119 \u015bcie\u017cki rowerowej. Zadania maj\u0105 na celu wspiera\u0107 turystyk\u0119 Gminy oraz propagowa\u0107 zasoby przyrodnicze teren\u00f3w Odry jak i wspiera\u0107 proekologiczny stylu \u017cycia.<br \/>\nProjekt jest finansowany ze \u015brodk\u00f3w Europejskiego Funduszu Rozwoju Regionalnego Unii Europejskiej w ramach Regionalnego Programu Operacyjnego Wojew\u00f3dztwa Dolno\u015bl\u0105skiego 2014-2020.<\/p>\n","protected":false},"excerpt":{"rendered":"<p>Ochrona i udost\u0119pnienie cennych przyrodniczo teren\u00f3w rzeki Odry poprzez budow\u0119 niezb\u0119dnej infrastruktury w zakresie przystani, port\u00f3w rzecznych i infrastruktury turystycznej<\/p>\n","protected":false},"author":2,"featured_media":0,"parent":0,"menu_order":0,"comment_status":"closed","ping_status":"closed","template":"","meta":{"ngg_post_thumbnail":0},"_links":{"self":[{"href":"https:\/\/scinawa.pl\/index.php\/wp-json\/wp\/v2\/pages\/9616"}],"collection":[{"href":"https:\/\/scinawa.pl\/index.php\/wp-json\/wp\/v2\/pages"}],"about":[{"href":"https:\/\/scinawa.pl\/index.php\/wp-json\/wp\/v2\/types\/page"}],"author":[{"embeddable":true,"href":"https:\/\/scinawa.pl\/index.php\/wp-json\/wp\/v2\/users\/2"}],"replies":[{"embeddable":true,"href":"https:\/\/scinawa.pl\/index.php\/wp-json\/wp\/v2\/comments?post=9616"}],"version-history":[{"count":22,"href":"https:\/\/scinawa.pl\/index.php\/wp-json\/wp\/v2\/pages\/9616\/revisions"}],"predecessor-version":[{"id":35667,"href":"https:\/\/scinawa.pl\/index.php\/wp-json\/wp\/v2\/pages\/9616\/revisions\/35667"}],"wp:attachment":[{"href":"https:\/\/scinawa.pl\/index.php\/wp-json\/wp\/v2\/media?parent=9616"}],"curies":[{"name":"wp","href":"https:\/\/api.w.org\/{rel}","templated":true}]}}