{"id":7775,"date":"2017-08-07T13:00:07","date_gmt":"2017-08-07T11:00:07","guid":{"rendered":"http:\/\/nowa.scinawa.pl\/?page_id=7775"},"modified":"2023-09-11T10:48:21","modified_gmt":"2023-09-11T08:48:21","slug":"projekty-wspolfinansowane","status":"publish","type":"page","link":"https:\/\/scinawa.pl\/index.php\/projekty-wspolfinansowane\/","title":{"rendered":"Projekty wsp\u00f3\u0142finansowane"},"content":{"rendered":"<p align=\"Justify\">Projekty wsp\u00f3\u0142finansowane przez Uni\u0119 Europejsk\u0105 z Europejskiego Funduszu Rozwoju Regionalnego w ramach Programu Operacyjnego Polska Cyfrowa na lata 2014-2020.<\/p>\n<ul>\n<li><a href=\"http:\/\/nowa.scinawa.pl\/wp-content\/uploads\/2023\/02\/Cyfrowa-Gmina-Wsparcie-dzieci-z-rodzin-pegeerowskich-w-rozwoju-cyfrowym-\u2013-\u201eGrant-PPGR\u201d.pdf\">Cyfrowa Gmina &#8211; Wsparcie dzieci z rodzin pegeerowskich w rozwoju cyfrowym \u2013 \u201eGrant PPGR\u201d<\/a><\/li>\n<li><a href=\"http:\/\/nowa.scinawa.pl\/wp-content\/uploads\/2023\/02\/Cyfrowa-Gmina-Wsparcie-dzieci-z-rodzin-pegeerowskich-w-rozwoju-cyfrowym-\u2013-\u201eGrant-PPGR\u201d-Aktualizacja-informacji-po-zrealizowanym-Projekcie.pdf\">Cyfrowa Gmina &#8211; Wsparcie dzieci z rodzin pegeerowskich w rozwoju cyfrowym \u2013 \u201eGrant PPGR\u201d &#8211; Aktualizacja informacji po zrealizowanym Projekcie<\/a><\/li>\n<li><a href=\"http:\/\/scinawa.pl\/wp-content\/uploads\/2023\/08\/Informacja-o-zaakceptowaniu-wniosku-rozliczajacego-Grant-PPGR.pdf\">Informacja o zaakceptowaniu wniosku rozliczajacego Grant PPGR<\/a><\/li>\n<li><a href=\"http:\/\/scinawa.pl\/wp-content\/uploads\/2023\/09\/Oswiadczenie-Grant-PPGR.doc\">O\u015bwiadczenie &#8211; Grant PPGR<\/a><\/li>\n<li><a href=\"http:\/\/scinawa.pl\/wp-content\/uploads\/2023\/09\/Procedura-monitorowania-i-utrzymania-efektow-projektu-grantowego-Wsparcie-dzieci-z-rodzin-pegeerowskich-w-rozwoju-cyfrowym-granty-PPGR.pdf\">Procedura monitorowania i utrzymania efekt\u00f3w projektu grantowego &#8211; Wsparcie dzieci z rodzin pegeerowskich w rozwoju cyfrowym &#8211; granty PPGR<\/a><\/li>\n<\/ul>\n<p>Projekty wsp\u00f3\u0142finansowane przez Uni\u0119 Europejsk\u0105 z Europejskiego Funduszu Rozwoju Regionalnego w ramach Regionalnego Programu Operacyjnego dla Wojew\u00f3dztwa Dolno\u015bl\u0105skiego na lata 2007-2013<\/p>\n<ul>\n<li><a href=\"\/pdf\/rewitalizacja.pdf\" target=\"_blank\" rel=\"noopener noreferrer\">\u201eRewitalizacja Miasta \u015acinawa\u201d<\/a><\/li>\n<\/ul>\n<p align=\"Justify\">Projekty wsp\u00f3\u0142finansowane przez Uni\u0119 Europejsk\u0105 ze \u015brodk\u00f3w Europejskiego Funduszu Rolnego na rzecz Obszar\u00f3w Wiejskich w ramach Programu Rozwoju Obszar\u00f3w Wiejskich 2007-2013<\/p>\n<ul>\n<li><a href=\"\/pdf\/kanalizacja_chelmek_wolowski.pdf\" target=\"_blank\" rel=\"noopener noreferrer\">\u201eBudowa kanalizacji sanitarnej w Che\u0142mku Wo\u0142owskim\u201d<\/a><\/li>\n<li><a href=\"\/pdf\/kanalizacja_dzieslaw.pdf\" target=\"_blank\" rel=\"noopener noreferrer\">\u201eSie\u0107 wodoci\u0105gowa w miejscowo\u015bci Krzy\u017cowa i budowa kanalizacji sanitarnej w Dzies\u0142awiu- Etap I\u201d<\/a><\/li>\n<li><a href=\"\/pdf\/kanalizacja_lasowice.pdf\" target=\"_blank\" rel=\"noopener noreferrer\">\u201eBudowa kanalizacji sanitarnej w Lasowicach\u201d<\/a><\/li>\n<li><a href=\"\/pdf\/kozlak.pdf\" target=\"_blank\" rel=\"noopener noreferrer\">\u201eRemont drewnianego wiatraka Ko\u017alak\u201d<\/a><\/li>\n<li><a href=\"\/pdf\/zagospodarowanie_odry.pdf\" target=\"_blank\" rel=\"noopener noreferrer\">\u201eZagospodarowanie infrastruktury turystycznej na nadbrze\u017cu Odry\u201d<\/a><\/li>\n<li><a href=\"\/pdf\/pomosty.pdf\" target=\"_blank\" rel=\"noopener noreferrer\">\u201eRozbudowa infrastruktury wodnej na Odrze &#8211; zakup pomost\u00f3w p\u0142ywaj\u0105cych\u201d<\/a><\/li>\n<li><a href=\"\/pdf\/swietlica_Krzyzowa.pdf\" target=\"_blank\" rel=\"noopener noreferrer\">\u201eRozbudowa \u015bwietlicy wiejskiej w Krzy\u017cowej\u201d<\/a><\/li>\n<li><a href=\"\/pdf\/swietlica_Zaborow.pdf\" target=\"_blank\" rel=\"noopener noreferrer\">\u201eRozbudowa \u015bwietlicy w Zaborowie na Szlaku Odry\u201d<\/a><\/li>\n<li><a href=\"\/pdf\/turystyczna_e-Scinawa.pdf\" target=\"_blank\" rel=\"noopener noreferrer\">\u201eTurystyczna e-\u015acinawa na Szlaku Odry\u201d<\/a><\/li>\n<li><a href=\"\/pdf\/Zaplecza_kontenerowe.pdf\" target=\"_blank\" rel=\"noopener noreferrer\">\u201eBudowa zapleczy sanitarnych dla teren\u00f3w rekreacyjnych w Dziewinie, Parszowicach, Sitnie i Wielowsi\u201d<\/a><\/li>\n<\/ul>\n<p align=\"Justify\">Projekty wsp\u00f3\u0142finansowane przez Wojew\u00f3dzki Fundusz Ochrony \u015arodowiska i Gospodarki Wodnej we Wroc\u0142awiu<\/p>\n<ul>\n<li><a href=\"\/pdf\/dobre_rady_na_odpady.pdf\" target=\"_blank\" rel=\"noopener noreferrer\">\u201eDobre rady na odpady\u201d<\/a><\/li>\n<\/ul>\n<p align=\"Justify\">Projekt wsp\u00f3\u0142finansowany ze \u015brodk\u00f3w bud\u017cetu wojew\u00f3dztwa dolno\u015bl\u0105skiego w ramach inicjatywy Odnowa Wsi Dolno\u015bl\u0105skiej<\/p>\n<ul>\n<li><a href=\"\/pdf\/turow.pdf\" target=\"_blank\" rel=\"noopener noreferrer\">Wsparcie aktywno\u015bci mieszka\u0144c\u00f3w poprzez remont \u015bwietlicy wiejskiej w Turowie<\/a><\/li>\n<li><a href=\"\/pdf\/swietlica_dabrowa.pdf\" target=\"_blank\" rel=\"noopener noreferrer\">Remont \u015bwietlicy wiejskiej w D\u0105browie \u015arodkowej<\/a><\/li>\n<\/ul>\n","protected":false},"excerpt":{"rendered":"<p>Projekty wsp\u00f3\u0142finansowane przez Uni\u0119 Europejsk\u0105 z Europejskiego Funduszu Rozwoju Regionalnego w ramach Programu Operacyjnego Polska Cyfrowa na lata 2014-2020. Cyfrowa<\/p>\n","protected":false},"author":2,"featured_media":0,"parent":0,"menu_order":0,"comment_status":"closed","ping_status":"closed","template":"","meta":{"ngg_post_thumbnail":0},"_links":{"self":[{"href":"https:\/\/scinawa.pl\/index.php\/wp-json\/wp\/v2\/pages\/7775"}],"collection":[{"href":"https:\/\/scinawa.pl\/index.php\/wp-json\/wp\/v2\/pages"}],"about":[{"href":"https:\/\/scinawa.pl\/index.php\/wp-json\/wp\/v2\/types\/page"}],"author":[{"embeddable":true,"href":"https:\/\/scinawa.pl\/index.php\/wp-json\/wp\/v2\/users\/2"}],"replies":[{"embeddable":true,"href":"https:\/\/scinawa.pl\/index.php\/wp-json\/wp\/v2\/comments?post=7775"}],"version-history":[{"count":7,"href":"https:\/\/scinawa.pl\/index.php\/wp-json\/wp\/v2\/pages\/7775\/revisions"}],"predecessor-version":[{"id":30030,"href":"https:\/\/scinawa.pl\/index.php\/wp-json\/wp\/v2\/pages\/7775\/revisions\/30030"}],"wp:attachment":[{"href":"https:\/\/scinawa.pl\/index.php\/wp-json\/wp\/v2\/media?parent=7775"}],"curies":[{"name":"wp","href":"https:\/\/api.w.org\/{rel}","templated":true}]}}