{"id":7773,"date":"2017-08-07T12:57:09","date_gmt":"2017-08-07T10:57:09","guid":{"rendered":"http:\/\/nowa.scinawa.pl\/?page_id=7773"},"modified":"2021-12-03T09:55:43","modified_gmt":"2021-12-03T08:55:43","slug":"gminna-komisja-rozwiazywania-problemow-alkoholowych","status":"publish","type":"page","link":"https:\/\/scinawa.pl\/index.php\/gminna-komisja-rozwiazywania-problemow-alkoholowych\/","title":{"rendered":"Gminna Komisja Rozwi\u0105zywania Problem\u00f3w Alkoholowych"},"content":{"rendered":"<p><strong>Zadbajmy o bezpiecze\u0144stwo \u2013 oznaczajmy zagro\u017cenia<\/strong><\/p>\n<p align=\"justify\"><strong>Poczucie bezpiecze\u0144stwa nale\u017cy do podstawowych potrzeb ka\u017cdego cz\u0142owieka i ma decyduj\u0105cy wp\u0142yw na funkcjonowanie ka\u017cdej spo\u0142eczno\u015bci. Dlatego tak wa\u017cne jest tworzenie narz\u0119dzi, kt\u00f3re pozwol\u0105 na rzetelne i czytelne zidentyfikowanie skali i rodzaju zagro\u017ce\u0144, z kt\u00f3rymi borykaj\u0105 si\u0119 mieszka\u0144cy na co dzie\u0144. Mapy zagro\u017ce\u0144 bezpiecze\u0144stwa, anga\u017cuj\u0105ce lokaln\u0105 spo\u0142eczno\u015b\u0107 w ich uzupe\u0142nianie, pomagaj\u0105 rozwi\u0105zywa\u0107 realne problemy, jednocze\u015bnie wskazuj\u0105c odpowiednim s\u0142u\u017cbom newralgiczne punkty na terenie danego samorz\u0105du. Obs\u0142uga komunikatora jest prosta i intuicyjna, wystarczy wej\u015b\u0107 na stron\u0119 Krajowej Mapy Zagro\u017ce\u0144 Bezpiecze\u0144stwa:<a href=\"https:\/\/mapy.geoportal.gov.pl\/iMapLite\/KMZBPublic.html\"> https:\/\/mapy.geoportal.gov.pl\/iMapLite\/KMZBPublic.html<\/a>.<\/strong><\/p>\n<p align=\"justify\">Mapy zagro\u017ce\u0144 nale\u017cy traktowa\u0107 jako istotny element procesu zarz\u0105dzania bezpiecze\u0144stwem publicznym, realizowanym w partnerstwie mi\u0119dzyinstytucjonalnym i spo\u0142ecznym. Obywatele najcz\u0119\u015bciej zg\u0142aszaj\u0105 zagro\u017cenia, kt\u00f3re s\u0105 najbardziej uci\u0105\u017cliwe w ich miejscu zamieszkania, m.in.: nieprawid\u0142owe parkowanie, przekraczanie dozwolonej pr\u0119dko\u015bci, <strong>spo\u017cywanie alkoholu w miejscach niedozwolonych<\/strong>, nielegalne wysypiska \u015bmieci. Policjanci, po potwierdzeniu zg\u0142oszenia, realnie pomagaj\u0105 w rozwi\u0105zaniu problemu.<\/p>\n<p align=\"justify\"><a href=\"http:\/\/nowa.scinawa.pl\/wp-content\/uploads\/2021\/12\/tytulowe-mapa.jpg\"><img decoding=\"async\" loading=\"lazy\" class=\"aligncenter size-full wp-image-25714\" src=\"http:\/\/nowa.scinawa.pl\/wp-content\/uploads\/2021\/12\/tytulowe-mapa.jpg\" alt=\"\" width=\"1024\" height=\"570\" srcset=\"https:\/\/scinawa.pl\/wp-content\/uploads\/2021\/12\/tytulowe-mapa.jpg 1024w, https:\/\/scinawa.pl\/wp-content\/uploads\/2021\/12\/tytulowe-mapa-300x167.jpg 300w, https:\/\/scinawa.pl\/wp-content\/uploads\/2021\/12\/tytulowe-mapa-768x428.jpg 768w, https:\/\/scinawa.pl\/wp-content\/uploads\/2021\/12\/tytulowe-mapa-800x445.jpg 800w, https:\/\/scinawa.pl\/wp-content\/uploads\/2021\/12\/tytulowe-mapa-24x13.jpg 24w, https:\/\/scinawa.pl\/wp-content\/uploads\/2021\/12\/tytulowe-mapa-36x20.jpg 36w, https:\/\/scinawa.pl\/wp-content\/uploads\/2021\/12\/tytulowe-mapa-48x27.jpg 48w\" sizes=\"(max-width: 1024px) 100vw, 1024px\" \/><\/a><\/p>\n<hr \/>\n<p align=\"justify\"><strong>Znale\u017a\u0107, klikn\u0105\u0107 i czeka\u0107<\/strong><br \/>\nObs\u0142uga komunikatora jest prosta i intuicyjna. Wystarczy wej\u015b\u0107 na stron\u0119 KMZB: <a href=\"https:\/\/mapy.geoportal.gov.pl\/iMapLite\/KMZBPublic.html\">https:\/\/mapy.geoportal.gov.pl\/iMapLite\/KMZBPublic.html<\/a>, po za\u0142adowaniu si\u0119 strony wy\u015bwietli si\u0119 mapa Polski. Dok\u0142adna, z numeracj\u0105 budynk\u00f3w. P\u00f3\u017aniej nale\u017cy klikn\u0105\u0107 \u201eplusik\u201d w prawym dolnym rogu i wy\u015bwietlony zostanie katalog spraw, kt\u00f3re mo\u017cna zg\u0142asza\u0107 za pomoc\u0105 platformy, np.: akty wandalizmu, grupowanie si\u0119 ma\u0142oletnich.<br \/>\nPo wprowadzeniu zg\u0142oszenia policja ma obowi\u0105zek zweryfikowa\u0107 zg\u0142oszenie i podj\u0105\u0107 dzia\u0142ania prewencyjne. Ka\u017cde, dodane zg\u0142oszenie oznaczone jest kolorem zielonym. Kiedy jest weryfikowane zmienia kolor na \u017c\u00f3\u0142ty. Je\u015bli zostanie potwierdzone, uzyskuje kolor czerwony. \u015arednio w ci\u0105gu siedmiu dni policjanci, kt\u00f3rzy dostan\u0105 do weryfikacji zg\u0142oszenia, maj\u0105 podj\u0105\u0107 decyzj\u0119 czy zagro\u017cenie jest potwierdzone. Je\u015bli tak, zostaje naniesione na map\u0119. Od tego momentu policjanci maj\u0105 czas od dw\u00f3ch tygodni do miesi\u0105ca, aby wyeliminowa\u0107 zagro\u017cenie. Te zg\u0142oszenia pozwalaj\u0105 optymalnie dyslokowa\u0107 patrole.<\/p>\n<p align=\"justify\"><strong>PROCEDURA ZOBOWI\u0104ZANIA OSOBY UZALE\u017bNIONEJ OD ALKOHOLU DO LECZENIA ODWYKOWEGO<\/strong><\/p>\n<p align=\"justify\">Leczenie os\u00f3b uzale\u017cnionych co do zasady jest dobrowolne, a przymus leczenia mo\u017ce by\u0107 na\u0142o\u017cony wy\u0142\u0105cznie przez S\u0105d. S\u0105dami w\u0142a\u015bciwymi do rozpatrywania spraw o przymusowe leczenie s\u0105 wydzia\u0142y rodzinne i nieletnich w S\u0105dach Rejonowych. Przepisy reguluj\u0105ce procedur\u0119 leczenia os\u00f3b uzale\u017cnionych od alkoholu reguluje ustawa z dnia 26 pa\u017adziernika 1982 r. o wychowaniu w trze\u017awo\u015bci przeciwdzia\u0142aniu alkoholizmowi (Dz. U. Z 2007r Nr. 70, poz. 473 z p\u00f3\u017an. zm.).<\/p>\n<p align=\"justify\">Do S\u0105du z\u0142o\u017cy\u0107 wniosek mog\u0105 dwie instytucje: Gminna Komisja Rozwi\u0105zywania Problem\u00f3w Alkoholowych w \u015acinawie oraz Prokurator.<\/p>\n<p align=\"justify\">Gminna Komisja Rozwi\u0105zywania Problem\u00f3w Alkoholowych w \u015acinawie przyjmuje wnioski o leczeniu os\u00f3b uzale\u017cnionych od alkoholu, kt\u00f3re posiadaj\u0105 miejsce zamieszkania lub pobytu na terenie gminy \u015acinawa. Wnioski mo\u017cna sk\u0142ada\u0107 w Urz\u0119dzie Miasta i Gminy \u015acinawa ul. Rynek 17 od poniedzia\u0142ku do pi\u0105tku w pokoju Nr 12,w godz. 8:00 \u2013 15:00<\/p>\n<p align=\"justify\">Zg\u0142oszenia przyjmowane s\u0105 osobi\u015bcie. Telefonicznie udzielane s\u0105 jedynie informacje og\u00f3lne, np. o zasadach pracy Komisji lub o adresach i telefonach poradni: informacje o stanie konkretnej sprawy udzielane s\u0105 tylko na miejscu.<br \/>\nNajlepiej jest, gdy osoba zg\u0142aszaj\u0105ca problem to cz\u0142onek najbli\u017cszej rodziny, kt\u00f3ry dobrze zna skal\u0119 problemu i wie, jak naprawd\u0119 wygl\u0105da sytuacja rodzinna. Ponadto, wniosek o leczenie mog\u0105 do Komisji z\u0142o\u017cy\u0107 inne instytucje, takie jak MGOPS, Policja itp. R\u00f3wnie\u017c sama osoba uzale\u017cniona z w\u0142asnej inicjatywy mo\u017ce przyj\u015b\u0107 do GKRPA po pomoc i porad\u0119 w sprawie podj\u0119cia leczenia.<\/p>\n<p align=\"justify\">Nale\u017cy pami\u0119ta\u0107, \u017ce zgodnie z obowi\u0105zuj\u0105cymi przepisami, na przymusowe leczenie mo\u017cna skierowa\u0107 osoby, kt\u00f3re w zwi\u0105zku ze swoj\u0105 choroba alkoholow\u0105:<\/p>\n<ul>\n<li>powoduj\u0105 rozk\u0142ad \u017cycia rodzinnego,<\/li>\n<li>powoduj\u0105 demoralizacj\u0119 nieletnich,<\/li>\n<li>systematycznie zak\u0142\u00f3caj\u0105 spok\u00f3j lub porz\u0105dek publiczny,<\/li>\n<li>uchylaj\u0105 si\u0119 od pracy.<\/li>\n<\/ul>\n<p>Podczas zg\u0142oszenia osoby, w stosunku do kt\u00f3rej jest podejrzenie uzale\u017cnienia od alkoholu, zg\u0142aszaj\u0105cy wype\u0142nia wniosek, zawieraj\u0105cy szczeg\u00f3\u0142owe dane zg\u0142aszanej osoby. Je\u017celi istniej\u0105 inne dokumenty potwierdzaj\u0105ce uzale\u017cnienie, np. karty leczenia szpitalnego, za\u015bwiadczenie lekarskie,<\/p>\n<p align=\"justify\">informacje z Policji itp., nale\u017cy je zabra\u0107 ze sob\u0105 celem do\u0142\u0105czenia do akt sprawy. Sk\u0142adaj\u0105cy wniosek mo\u017ce zastrzec sobie anonimowo\u015b\u0107, je\u017celi obawia si\u0119 negatywnej reakcji osoby pij\u0105cej. Ponadto w przypadku skierowania sprawy do s\u0105du o przymusowe leczenie, osoba zg\u0142aszaj\u0105ca mo\u017ce wyst\u0119powa\u0107 w s\u0105dzie jako \u015bwiadek. Na podstawie wype\u0142nionego wniosku, Komisja wzywa osob\u0119, co do kt\u00f3rej zachodzi podejrzenie, \u017ce jest uzale\u017cniona od alkoholu, do osobistego zg\u0142oszenia si\u0119 na tzw. rozmow\u0119 motywuj\u0105c\u0105 do leczenia. Termin zg\u0142oszenia si\u0119 na rozmow\u0119 okre\u015blony jest w zaproszeniu, kt\u00f3re przesy\u0142ane jest listem poleconym.<\/p>\n<p align=\"justify\"><strong>1. DOBROWOLNE LECZENIE<\/strong><\/p>\n<p align=\"justify\">To wariant najbardziej optymistyczny, bo dobrowolne podj\u0119cie leczenia daje najwi\u0119ksze szanse na wyj\u015bcie z na\u0142ogu. Zawsze nale\u017cy pami\u0119ta\u0107, \u017ce leczenie jest bezp\u0142atne. Osoba, kt\u00f3ra dobrowolnie podejmie leczenie w wybranym przez siebie o\u015brodku, nie jest pozostawiana sama sobie, gdy\u017c zobowi\u0105zana jest do zg\u0142oszenia si\u0119 na posiedzenie komisji ( zazwyczaj raz na miesi\u0105c) z aktualnym za\u015bwiadczeniem potwierdzaj\u0105cym ucz\u0119szczanie na terapi\u0119. Ponadto przy komisji, na miejscu dzia\u0142a terapeuta od uzale\u017cnie\u0144. Takie osoby zawsze s\u0105 informowane, \u017ce w przypadku zaprzestania leczenia i zaniedbania dostarczania za\u015bwiadcze\u0144 kontynuacji leczenia, sprawa zostanie skierowana do S\u0105du.<\/p>\n<p align=\"justify\"><strong>2. Osoba wezwana przychodzi na spotkanie i o\u015bwiadcza, \u017ce nie ma problemu alkoholowego<\/strong><\/p>\n<p align=\"justify\">W takiej sytuacji komisja mo\u017ce skierowa\u0107 na badanie do bieg\u0142ych s\u0105dowych, kt\u00f3rzy s\u0105 uprawnieni do orzekania o uzale\u017cnieniu (s\u0105 to: lekarz psychiatra oraz psycholog ). Badanie jest bezp\u0142atne (koszty pokrywa gmina).Wynik badania jest bardzo istotny zar\u00f3wno dla Komisji, jak i w ewentualnym post\u0119powaniu przed S\u0105dem. Je\u017celi z opinii bieg\u0142ych wynika, \u017ce osoba nie jest uzale\u017cniona, sprawa przed Komisj\u0105 jest zamykana. Je\u017celi natomiast z opinii bieg\u0142ych wynika, \u017ce dana osoba jest uzale\u017cniona, to wtedy kolejny raz motywuje si\u0119 j\u0105 do leczenia. W przypadku, gdy osoba chce podj\u0105\u0107 leczenie dobrowolnie, to zastosowanie ma wariant 1 (czyli leczenie dobrowolne, ale pod nadzorem Komisji). Je\u017celi \u2013 mimo opinii bieg\u0142ych potwierdzaj\u0105cych uzale\u017cnienie \u2013 osoba odmawia leczenia, stosuje si\u0119 wariant 3.<\/p>\n<p align=\"justify\"><strong>3. Kierowanie wniosku o przymusowe leczenie do S\u0105du.<\/strong><\/p>\n<p align=\"justify\">Procedura s\u0105dowego zobowi\u0105zania do leczenia odwykowego jest uruchamiana w nast\u0119puj\u0105cych przypadkach:<\/p>\n<ul>\n<li>mimo opinii bieg\u0142ych potwierdzaj\u0105cych uzale\u017cnienie osoby, odmawia ona przed Komisj\u0105 podj\u0119cia leczenia;<\/li>\n<li>wtedy gdy osoba, kt\u00f3ra zgodzi\u0142a si\u0119 na badanie przez bieg\u0142ych, nie zg\u0142osi si\u0119 na nie, Komisja r\u00f3wnie\u017c kieruje spraw\u0119 do S\u0105du \u2013 Komisja bowiem nie ma mo\u017cliwo\u015bci zmuszania kogokolwiek do badania, natomiast uprawnienie takie przys\u0142uguje S\u0105dowi:<\/li>\n<li>do S\u0105du sprawa kierowana jest wtedy, gdy osoba trzykrotnie nie zg\u0142osi si\u0119 na rozmow\u0119 motywacyjn\u0105 (wezwanie na rozmow\u0119 wysy\u0142ane jest listem poleconym, za zwrotnym potwierdzeniem odbioru i jest dwukrotnie awizowane przez Poczt\u0119);<\/li>\n<li>w przypadku, gdy osoba zg\u0142osi si\u0119 na wezwanie Komisji i o\u015bwiadczy od razu, \u017ce nie zgadza si\u0119 na badanie przez bieg\u0142ych i nie zamierza si\u0119 leczy\u0107 dobrowolnie, sprawa r\u00f3wnie\u017c jest kierowana do S\u0105du.<\/li>\n<\/ul>\n<p align=\"justify\">Zgodnie z obowi\u0105zuj\u0105cymi przepisami, S\u0105d powinien wyznaczy\u0107 pierwsz\u0105 rozpraw\u0119 w ci\u0105gu miesi\u0105ca od wp\u0142yni\u0119cia wniosku Komisji o przymusowe leczenie uczestnika (bo tak zgodnie z przepisami prawa nazywa si\u0119 osob\u0119, co do kt\u00f3rej z\u0142o\u017cony zosta\u0142 wniosek do S\u0105du). Je\u017celi w danej sprawie brak jest opinii bieg\u0142ych (bo np. osoba nie zgodzi\u0142a si\u0119 na badanie przez bieg\u0142ych przed Komisj\u0105 ), to S\u0105d kieruje tak\u0105 osob\u0119 na badanie. Trzeba pami\u0119ta\u0107, \u017ce post\u0119powanie s\u0105dowe mo\u017ce si\u0119 przed\u0142u\u017ca\u0107, np. z powodu nieobecno\u015bci uczestnika, uchylania si\u0119 od badania przez bieg\u0142ych, przedstawiania dowod\u00f3w itp. S\u0105d ma uprawnienie do nakazania przymusowego doprowadzenia przez Policj\u0119 uczestnika na rozpraw\u0119, r\u00f3wnie\u017c na badanie. Komisja nie ma wp\u0142ywu na czas rozpatrzenia sprawy przez S\u0105d. Ten etap post\u0119powania odbywa si\u0119 ju\u017c bez udzia\u0142u cz\u0142onk\u00f3w Komisji (z pewnymi wyj\u0105tkami, gdy S\u0105d zadecyduje o obowi\u0105zku uczestniczenia przedstawiciela Komisji podczas rozprawy ). S\u0105d mo\u017ce na podstawie zebranych dowod\u00f3w (opinii bieg\u0142ych, zezna\u0144 uczestnika, \u015bwiadk\u00f3w, wywiadu Policji) wyda\u0107 nast\u0119puj\u0105ce orzeczenie:<\/p>\n<ul>\n<li>oddali\u0107 wniosek, gdy osoba nie jest uzale\u017cniona,<\/li>\n<li>orzec obowi\u0105zek leczenia odwykowego w otwartym (niestacjonarnym) zak\u0142adzie leczniczym (czyli poradni) lub w zak\u0142adzie zamkni\u0119tym (stacjonarnym, czyli szpitalu).<\/li>\n<\/ul>\n<p align=\"justify\">Post\u0119powanie przed s\u0105dem jest dla osoby uzale\u017cnionej bezp\u0142atne. S\u0105d orzeka o obowi\u0105zku leczenia odwykowego w formie postanowienia, od kt\u00f3rego pos\u0142uguje apelacja. S\u0105dowy obowi\u0105zek poddania si\u0119 leczeniu odwykowemu trwa tak d\u0142ugo, jak tego wymaga cel leczenia, nie d\u0142u\u017cej jednak ni\u017c dwa lata od uprawomocnienia si\u0119 orzeczenia s\u0105du. Na czas trwania obowi\u0105zku leczenia s\u0105d mo\u017ce ustanowi\u0107 nadz\u00f3r kuratora.<\/p>\n","protected":false},"excerpt":{"rendered":"<p>Zadbajmy o bezpiecze\u0144stwo \u2013 oznaczajmy zagro\u017cenia Poczucie bezpiecze\u0144stwa nale\u017cy do podstawowych potrzeb ka\u017cdego cz\u0142owieka i ma decyduj\u0105cy wp\u0142yw na funkcjonowanie<\/p>\n","protected":false},"author":2,"featured_media":0,"parent":0,"menu_order":0,"comment_status":"closed","ping_status":"closed","template":"","meta":{"ngg_post_thumbnail":0},"_links":{"self":[{"href":"https:\/\/scinawa.pl\/index.php\/wp-json\/wp\/v2\/pages\/7773"}],"collection":[{"href":"https:\/\/scinawa.pl\/index.php\/wp-json\/wp\/v2\/pages"}],"about":[{"href":"https:\/\/scinawa.pl\/index.php\/wp-json\/wp\/v2\/types\/page"}],"author":[{"embeddable":true,"href":"https:\/\/scinawa.pl\/index.php\/wp-json\/wp\/v2\/users\/2"}],"replies":[{"embeddable":true,"href":"https:\/\/scinawa.pl\/index.php\/wp-json\/wp\/v2\/comments?post=7773"}],"version-history":[{"count":5,"href":"https:\/\/scinawa.pl\/index.php\/wp-json\/wp\/v2\/pages\/7773\/revisions"}],"predecessor-version":[{"id":25722,"href":"https:\/\/scinawa.pl\/index.php\/wp-json\/wp\/v2\/pages\/7773\/revisions\/25722"}],"wp:attachment":[{"href":"https:\/\/scinawa.pl\/index.php\/wp-json\/wp\/v2\/media?parent=7773"}],"curies":[{"name":"wp","href":"https:\/\/api.w.org\/{rel}","templated":true}]}}