{"id":7764,"date":"2017-08-07T12:35:15","date_gmt":"2017-08-07T10:35:15","guid":{"rendered":"http:\/\/nowa.scinawa.pl\/?page_id=7764"},"modified":"2020-08-25T21:51:59","modified_gmt":"2020-08-25T19:51:59","slug":"rpo-wd-2014-2020","status":"publish","type":"page","link":"https:\/\/scinawa.pl\/index.php\/rpo-wd-2014-2020\/","title":{"rendered":"RPO WD 2014-2020"},"content":{"rendered":"<div align=\"center\"><img decoding=\"async\" src=\"http:\/\/scinawa.home.pl\/scinawa\/images\/stories\/loga\/logo_rpo_wd.jpg\" alt=\"\" \/><\/div>\n<ul>\n<li><a href=\"http:\/\/scinawa.pl\/pdf\/RPOWD2014-2020\/rpo_wd_opis-strefa.pdf\" target=\"_blank\" rel=\"noopener noreferrer\">Budowa strefy aktywno\u015bci gospodarczej na terenie miasta \u015acinawa<\/a><\/li>\n<li><a href=\"http:\/\/scinawa.pl\/pdf\/RPOWD2014-2020\/opis_palacyk.pdf\" target=\"_blank\" rel=\"noopener noreferrer\">Zaadoptowanie zabytkowego pa\u0142acyku w \u015acinawie z przeznaczeniem na centrum pracy tw\u00f3rczej z funkcj\u0105 schroniska m\u0142odzie\u017cowego<\/a><\/li>\n<li><a href=\"http:\/\/scinawa.pl\/pdf\/RPOWD2014-2020\/rewitalizacja-urzedu.pdf\" target=\"_blank\" rel=\"noopener noreferrer\">Rewitalizacja i termomodernizacja Ratusza poprzez przebudow\u0119, nadbudow\u0119 i dostosowanie dla potrzeb os\u00f3b niepe\u0142nosprawnych w ramach projektu rewitalizacji zabytkowej strefy rynku w \u015acinawie<\/a><\/li>\n<li><a href=\"http:\/\/scinawa.pl\/pdf\/2018\/park-i-raid.pdf\">Wdra\u017canie strategii niskoemisyjnej poprzez ograniczeni ruchu zmotoryzowanych w centrum miasta \u015acinawy\u201d, na stronie internetowej \u015bcinawy, tam gdzie s\u0105 projekty dofinansowane z RPO<\/a><\/li>\n<li><a href=\"http:\/\/nowa.scinawa.pl\/wp-content\/uploads\/2019\/04\/Rewitalizacja-zabytkowej-strefy-centrum-miasta-\u015acinawa-poprzez-przebudow\u0119-nawierzchni-Rynku-i-przyleg\u0142ych-ulic-1.docx\">Rewitalizacja zabytkowej strefy centrum miasta \u015acinawa poprzez przebudow\u0119 nawierzchni Rynku i przyleg\u0142ych ulic<\/a><\/li>\n<li><a href=\"http:\/\/nowa.scinawa.pl\/wp-content\/uploads\/2020\/08\/zdalna-szko\u0142a.pdf\">Zdalna Szko\u0142a<\/a><\/li>\n<\/ul>\n","protected":false},"excerpt":{"rendered":"<p>Budowa strefy aktywno\u015bci gospodarczej na terenie miasta \u015acinawa Zaadoptowanie zabytkowego pa\u0142acyku w \u015acinawie z przeznaczeniem na centrum pracy tw\u00f3rczej z<\/p>\n","protected":false},"author":2,"featured_media":0,"parent":0,"menu_order":0,"comment_status":"closed","ping_status":"closed","template":"","meta":{"ngg_post_thumbnail":0},"_links":{"self":[{"href":"https:\/\/scinawa.pl\/index.php\/wp-json\/wp\/v2\/pages\/7764"}],"collection":[{"href":"https:\/\/scinawa.pl\/index.php\/wp-json\/wp\/v2\/pages"}],"about":[{"href":"https:\/\/scinawa.pl\/index.php\/wp-json\/wp\/v2\/types\/page"}],"author":[{"embeddable":true,"href":"https:\/\/scinawa.pl\/index.php\/wp-json\/wp\/v2\/users\/2"}],"replies":[{"embeddable":true,"href":"https:\/\/scinawa.pl\/index.php\/wp-json\/wp\/v2\/comments?post=7764"}],"version-history":[{"count":10,"href":"https:\/\/scinawa.pl\/index.php\/wp-json\/wp\/v2\/pages\/7764\/revisions"}],"predecessor-version":[{"id":22369,"href":"https:\/\/scinawa.pl\/index.php\/wp-json\/wp\/v2\/pages\/7764\/revisions\/22369"}],"wp:attachment":[{"href":"https:\/\/scinawa.pl\/index.php\/wp-json\/wp\/v2\/media?parent=7764"}],"curies":[{"name":"wp","href":"https:\/\/api.w.org\/{rel}","templated":true}]}}