{"id":31333,"date":"2024-05-20T15:21:37","date_gmt":"2024-05-20T13:21:37","guid":{"rendered":"https:\/\/scinawa.pl\/?page_id=31333"},"modified":"2025-05-09T13:27:21","modified_gmt":"2025-05-09T11:27:21","slug":"feds-2021-2027","status":"publish","type":"page","link":"https:\/\/scinawa.pl\/index.php\/feds-2021-2027\/","title":{"rendered":"FEDS 2021-2027"},"content":{"rendered":"<p><a href=\"http:\/\/scinawa.pl\/wp-content\/uploads\/2025\/05\/informacja-o-projekcie.pdf\">Informacja o projekcie&nbsp;&nbsp;<\/a><\/p>\n<p><a href=\"http:\/\/scinawa.pl\/wp-content\/uploads\/2025\/05\/Mechanizm-umozliwiajacy-sygnalizowanie-o-jakiegokolwiek-rodzaju-naduzycia-zwiazanego-z.pdf\">Mechanizm umo\u017cliwiaj\u0105cy sygnalizowanie o jakiegokolwiek rodzaju nadu\u017cyciach zwi\u0105zanych z wdra\u017caniem Funduszy Europejskich dla Dolnego \u015al\u0105ska 2021 &#8211; 2027 <\/a><\/p>\n<p>&nbsp;<\/p>\n<p>&nbsp;<\/p>\n","protected":false},"excerpt":{"rendered":"<p>Informacja o projekcie&nbsp;&nbsp; Mechanizm umo\u017cliwiaj\u0105cy sygnalizowanie o jakiegokolwiek rodzaju nadu\u017cyciach zwi\u0105zanych z wdra\u017caniem Funduszy Europejskich dla Dolnego \u015al\u0105ska 2021 &#8211;<\/p>\n","protected":false},"author":3,"featured_media":0,"parent":0,"menu_order":0,"comment_status":"closed","ping_status":"closed","template":"","meta":{"ngg_post_thumbnail":0},"_links":{"self":[{"href":"https:\/\/scinawa.pl\/index.php\/wp-json\/wp\/v2\/pages\/31333"}],"collection":[{"href":"https:\/\/scinawa.pl\/index.php\/wp-json\/wp\/v2\/pages"}],"about":[{"href":"https:\/\/scinawa.pl\/index.php\/wp-json\/wp\/v2\/types\/page"}],"author":[{"embeddable":true,"href":"https:\/\/scinawa.pl\/index.php\/wp-json\/wp\/v2\/users\/3"}],"replies":[{"embeddable":true,"href":"https:\/\/scinawa.pl\/index.php\/wp-json\/wp\/v2\/comments?post=31333"}],"version-history":[{"count":10,"href":"https:\/\/scinawa.pl\/index.php\/wp-json\/wp\/v2\/pages\/31333\/revisions"}],"predecessor-version":[{"id":33588,"href":"https:\/\/scinawa.pl\/index.php\/wp-json\/wp\/v2\/pages\/31333\/revisions\/33588"}],"wp:attachment":[{"href":"https:\/\/scinawa.pl\/index.php\/wp-json\/wp\/v2\/media?parent=31333"}],"curies":[{"name":"wp","href":"https:\/\/api.w.org\/{rel}","templated":true}]}}